{"id":28,"date":"2019-02-22T22:27:10","date_gmt":"2019-02-22T21:27:10","guid":{"rendered":"http:\/\/clairegrivet.com\/?page_id=28"},"modified":"2025-06-13T15:33:24","modified_gmt":"2025-06-13T13:33:24","slug":"hypnose-pnl-therapie-breve","status":"publish","type":"page","link":"https:\/\/clairegrivet.com\/index.php\/hypnose-pnl-therapie-breve\/","title":{"rendered":"Mes outils : Hypnose, PNL, Imago, Photostimulation"},"content":{"rendered":"\n<p>Pour mieux vous accompagner et m&rsquo;adapter \u00e0 vos sensibilit\u00e9s ou aux sujets que vous souhaitez aborder en s\u00e9ance, j&rsquo;utilise les outils suivants :<\/p>\n\n\n\n<p><strong><em>L&rsquo;hypnose<\/em><\/strong><\/p>\n\n\n\n<p>C&rsquo;est un ph\u00e9nom\u00e8ne naturel que nous exp\u00e9rimentons tous chaque jour. On l&rsquo;appelle aussi \u00ab\u00e9tat modifi\u00e9 de conscience\u00bb ou \u00abtranse hypnotique\u00bb. En fait, on pourrait dire que c&rsquo;est un \u00e9tat proche du r\u00eave, alliant distraction et hyper-concentration&#8230; On peut avoir l&rsquo;impression d&rsquo;\u00eatre pr\u00e9sent, conscient de tout ce qui se passe autour de nous, tout en \u00e9tant \u00e0 la fois ailleurs, guid\u00e9 par notre inconscient qui mobilise les ressources n\u00e9cessaires au changement de nos comportements limitants.<\/p>\n\n\n\n<p><em><strong>La PNL <\/strong><\/em><\/p>\n\n\n\n<p>Ou Programmation Neuro Linguistique&#8230; Centr\u00e9e sur la communication et l&rsquo;apprentissage, elle favorise une meilleure connaissance de vous-m\u00eame, de vos comportements et s&rsquo;oriente vers des changements efficaces, permettant par exemple d&rsquo;obtenir des r\u00e9sultats probants sur les phobies, pens\u00e9es n\u00e9gatives, mauvaises habitudes, probl\u00e8mes de couple ou d&rsquo;\u00e9ducation, etc.<\/p>\n\n\n\n<p><em><strong>La th\u00e9rapie syst\u00e9mique<\/strong><\/em><\/p>\n\n\n\n<p>Elle s&rsquo;int\u00e9resse aux relations et aux interactions entre les personnes qui constituent une famille, un couple, une \u00e9quipe de travail, etc. Aussi, afin de mieux vous comprendre, il est important de prendre en compte le contexte, l&rsquo;environnement dans lequel vous \u00e9voluez, ainsi que les personnes avec lesquelles vous \u00eates en relation. Diff\u00e9rente des th\u00e9rapies analytiques, la th\u00e9rapie syst\u00e9mique est orient\u00e9e vers les solutions et les objectifs, plut\u00f4t que sur des causalit\u00e9s pass\u00e9es.<\/p>\n\n\n\n<p><em><strong>La photostimulation <\/strong><\/em><strong style=\"font-style: italic;\">avec la <a href=\"https:\/\/youtu.be\/Rg-ygoFtRMM?si=ueOk7hm-ElJL9VHd\">Dream Machine<\/a> <\/strong>(appareil de luminoth\u00e9rapie)<\/p>\n\n\n\n<p>Prenez le contr\u00f4le de votre bien-\u00eatre&#8230; un massage de l&rsquo;esprit.<\/p>\n\n\n\n<p>\u00ab\u00a0Dans un monde qui va toujours plus vite il est parfois difficile de se d\u00e9connecter, de prendre du temps pour soi, de se recentrer sur ses sensations et ses \u00e9motions. Alors que cette pratique est essentielle pour votre bien-\u00eatre int\u00e9rieur, couper ses pens\u00e9es et les stimuli ext\u00e9rieurs semble \u00eatre un exercice impossible&#8230; Nous r\u00eavons d&rsquo;un monde o\u00f9 le bien-\u00eatre mental est \u00e0 la port\u00e9e de tous. C&rsquo;est pour cela que la Dream Machine a \u00e9t\u00e9 cr\u00e9\u00e9e &#8211; une r\u00e9volution pour votre esprit, un voyage int\u00e9rieur.\u00a0\u00bb<\/p>\n\n\n\n<p>(D\u00e9conseill\u00e9 aux femmes enceintes, aux enfants et aux personnes \u00e9pileptiques)<\/p>\n\n\n\n<p class=\"has-text-align-center\"><strong>Une s\u00e9ance, comment \u00e7a se passe ?<\/strong><\/p>\n\n\n\n<p>Chaque s\u00e9ance dure en moyenne 1 heure et demi selon le th\u00e8me abord\u00e9, 2 heures pour les couples. Plusieurs s\u00e9ances peuvent \u00eatre n\u00e9cessaires selon les raisons pour lesquelles vous \u00eates amen\u00e9 \u00e0 me consulter.<\/p>\n\n\n\n<p><strong><em>La pratique que je propose ne se substitue pas aux soins et prescriptions m\u00e9dicales.<\/em><\/strong><\/p>\n","protected":false},"excerpt":{"rendered":"<p>Pour mieux vous accompagner et m&rsquo;adapter \u00e0 vos sensibilit\u00e9s ou aux sujets que vous souhaitez aborder en s\u00e9ance, j&rsquo;utilise les outils suivants : L&rsquo;hypnose C&rsquo;est un ph\u00e9nom\u00e8ne naturel que nous exp\u00e9rimentons tous chaque jour. On l&rsquo;appelle aussi \u00ab\u00e9tat modifi\u00e9 de conscience\u00bb ou \u00abtranse hypnotique\u00bb. En fait, on pourrait dire que c&rsquo;est un \u00e9tat proche du r\u00eave, alliant distraction et hyper-concentration&#8230; On peut avoir l&rsquo;impression d&rsquo;\u00eatre pr\u00e9sent, conscient de tout ce qui se passe autour de nous, tout en \u00e9tant \u00e0&#8230;<\/p>\n<p class=\"read-more\"><a class=\"btn btn-default\" href=\"https:\/\/clairegrivet.com\/index.php\/hypnose-pnl-therapie-breve\/\">Lire la suite<span class=\"screen-reader-text\"> Lire la suite<\/span><\/a><\/p>\n","protected":false},"author":1,"featured_media":0,"parent":0,"menu_order":0,"comment_status":"closed","ping_status":"closed","template":"","meta":{"footnotes":""},"class_list":["post-28","page","type-page","status-publish","hentry"],"_links":{"self":[{"href":"https:\/\/clairegrivet.com\/index.php\/wp-json\/wp\/v2\/pages\/28","targetHints":{"allow":["GET"]}}],"collection":[{"href":"https:\/\/clairegrivet.com\/index.php\/wp-json\/wp\/v2\/pages"}],"about":[{"href":"https:\/\/clairegrivet.com\/index.php\/wp-json\/wp\/v2\/types\/page"}],"author":[{"embeddable":true,"href":"https:\/\/clairegrivet.com\/index.php\/wp-json\/wp\/v2\/users\/1"}],"replies":[{"embeddable":true,"href":"https:\/\/clairegrivet.com\/index.php\/wp-json\/wp\/v2\/comments?post=28"}],"version-history":[{"count":50,"href":"https:\/\/clairegrivet.com\/index.php\/wp-json\/wp\/v2\/pages\/28\/revisions"}],"predecessor-version":[{"id":728,"href":"https:\/\/clairegrivet.com\/index.php\/wp-json\/wp\/v2\/pages\/28\/revisions\/728"}],"wp:attachment":[{"href":"https:\/\/clairegrivet.com\/index.php\/wp-json\/wp\/v2\/media?parent=28"}],"curies":[{"name":"wp","href":"https:\/\/api.w.org\/{rel}","templated":true}]}}